{"id":7,"date":"2020-11-23T14:33:22","date_gmt":"2020-11-23T14:33:22","guid":{"rendered":"https:\/\/www.elcomicesarte.com\/?page_id=7"},"modified":"2020-11-24T19:29:16","modified_gmt":"2020-11-24T19:29:16","slug":"acerca-de","status":"publish","type":"page","link":"https:\/\/www.elcomicesarte.com\/index.php\/acerca-de\/","title":{"rendered":"firma apoyo"},"content":{"rendered":"\n<p>Si estas de acuerdo con la carta abierta de Antonio Altarriba puedes firmar en se\u00f1al de apoyo.<\/p>\n\n\n\n<p><strong><a href=\"https:\/\/docs.google.com\/forms\/d\/e\/1FAIpQLSdVgz06ScC2A_eprs9nSbJqowZ5HUk1EVYN-ur82yyPen3mPQ\/viewform?usp=sf_link\">Firma a t\u00edtulo personal<\/a><\/strong><\/p>\n\n\n\n<p><strong><a rel=\"noreferrer noopener\" href=\"https:\/\/forms.gle\/dC5zTK6r8TyKPuGV8\" target=\"_blank\">Firma en nombre de una entidad y\/o empresa<\/a><\/strong><\/p>\n\n\n\n<p><\/p>\n\n\n\n<div class=\"wp-block-group\"><div class=\"wp-block-group__inner-container\">\n<p>\u201cEl C\u00f3mic es arte\u201d es el responsable del tratamiento de los &nbsp;datos personales proporcionados bajo su consentimiento y le informa de &nbsp;que estos datos ser\u00e1n tratados de conformidad con lo dispuesto en el Reglamento (UE) 2016\/679, de 27 de abril (GDPR), y la Ley Org\u00e1nica 3\/2018, de 5 de diciembre (LOPDGDD).<\/p>\n\n\n\n<p>Solo se utilizar\u00e1n en las reclamaciones para solicitar rectificaci\u00f3n en relaci\u00f3n a la utilidad de la p\u00e1gina, &gt; conserv\u00e1ndolos durante no m\u00e1s tiempo del necesario para mantener el fin del tratamiento o mientras existan prescripciones legales que &nbsp;dictaminen su custodia. No se comunicar\u00e1n los datos a terceros, salvo obligaci\u00f3n legal. Asimismo, se le informa de que puede ejercer los derechos de acceso, rectificaci\u00f3n, portabilidad y supresi\u00f3n de sus datos y los de limitaci\u00f3n y oposici\u00f3n a su tratamiento dirigi\u00e9ndose a:<\/p>\n\n\n\n<p>&nbsp;\u201cEl C\u00f3mic es arte\u201d en la calle Alcalde Sainz de Baranda, 19. Piso 1\u00b0B<\/p>\n\n\n\n<p>28009 Madrid.<\/p>\n\n\n\n<p>E-mail: \u00a0info@elcomicesarte.com y el de reclamaci\u00f3n a<\/p>\n\n\n\n<p>www.aepd.es<\/p>\n<\/div><\/div>\n\n\n\n<p><\/p>\n","protected":false},"excerpt":{"rendered":"<p>Si estas de acuerdo con la carta abierta de Antonio Altarriba puedes firmar en se\u00f1al de apoyo. Firma a t\u00edtulo personal Firma en nombre de una entidad y\/o empresa<\/p>\n","protected":false},"author":1,"featured_media":0,"parent":0,"menu_order":0,"comment_status":"closed","ping_status":"closed","template":"","meta":[],"_links":{"self":[{"href":"https:\/\/www.elcomicesarte.com\/index.php\/wp-json\/wp\/v2\/pages\/7"}],"collection":[{"href":"https:\/\/www.elcomicesarte.com\/index.php\/wp-json\/wp\/v2\/pages"}],"about":[{"href":"https:\/\/www.elcomicesarte.com\/index.php\/wp-json\/wp\/v2\/types\/page"}],"author":[{"embeddable":true,"href":"https:\/\/www.elcomicesarte.com\/index.php\/wp-json\/wp\/v2\/users\/1"}],"replies":[{"embeddable":true,"href":"https:\/\/www.elcomicesarte.com\/index.php\/wp-json\/wp\/v2\/comments?post=7"}],"version-history":[{"count":8,"href":"https:\/\/www.elcomicesarte.com\/index.php\/wp-json\/wp\/v2\/pages\/7\/revisions"}],"predecessor-version":[{"id":83,"href":"https:\/\/www.elcomicesarte.com\/index.php\/wp-json\/wp\/v2\/pages\/7\/revisions\/83"}],"wp:attachment":[{"href":"https:\/\/www.elcomicesarte.com\/index.php\/wp-json\/wp\/v2\/media?parent=7"}],"curies":[{"name":"wp","href":"https:\/\/api.w.org\/{rel}","templated":true}]}}